{"id":164,"date":"2024-09-17T00:26:52","date_gmt":"2024-09-17T04:26:52","guid":{"rendered":"https:\/\/staging.mxnumerique.ca\/?page_id=164"},"modified":"2026-02-07T23:22:18","modified_gmt":"2026-02-08T04:22:18","slug":"tarification","status":"publish","type":"page","link":"https:\/\/petitchamonix.com\/2026\/tarification\/","title":{"rendered":"Tarification"},"content":{"rendered":"<p>[et_pb_section fb_built=\u00a0\u00bb1&Prime; admin_label=\u00a0\u00bbHeader\u00a0\u00bb _builder_version=\u00a0\u00bb4.27.0&Prime; _module_preset=\u00a0\u00bbdefault\u00a0\u00bb background_image=\u00a0\u00bbhttps:\/\/petitchamonix.com\/2026\/wp-content\/uploads\/2024\/09\/zoom2-scaled-1.jpeg\u00a0\u00bb background_position=\u00a0\u00bbbottom_center\u00a0\u00bb custom_padding=\u00a0\u00bb8vw||0px||false|false\u00a0\u00bb collapsed=\u00a0\u00bbon\u00a0\u00bb global_colors_info=\u00a0\u00bb{}\u00a0\u00bb][et_pb_row custom_padding_last_edited=\u00a0\u00bbon|desktop\u00a0\u00bb _builder_version=\u00a0\u00bb4.27.2&Prime; _module_preset=\u00a0\u00bbdefault\u00a0\u00bb background_enable_color=\u00a0\u00bboff\u00a0\u00bb background_image=\u00a0\u00bbhttps:\/\/petitchamonix.com\/2026\/wp-content\/uploads\/2025\/12\/header-2-19-scaled.png\u00a0\u00bb background_position=\u00a0\u00bbbottom_center\u00a0\u00bb custom_padding=\u00a0\u00bb33px|60px|33px|120px|true|false\u00a0\u00bb custom_padding_tablet=\u00a0\u00bb30px|30px|30px|60px|true|false\u00a0\u00bb custom_padding_phone=\u00a0\u00bb20px|20px|20px|40px|true|false\u00a0\u00bb border_radii=\u00a0\u00bboff|30px|30px||\u00a0\u00bb global_colors_info=\u00a0\u00bb{%22gcid-a9d8e14e-2f78-408a-a83c-506939196b52%22:%91%22background_color%22%93}\u00a0\u00bb][et_pb_column type=\u00a0\u00bb4_4&Prime; _builder_version=\u00a0\u00bb4.22.1&Prime; _module_preset=\u00a0\u00bbdefault\u00a0\u00bb global_colors_info=\u00a0\u00bb{}\u00a0\u00bb][et_pb_text _builder_version=\u00a0\u00bb4.27.2&Prime; _module_preset=\u00a0\u00bba4cbc69e-bc70-43c4-84f3-2274d9751cbd\u00a0\u00bb text_font=\u00a0\u00bb|||||on|||\u00a0\u00bb header_text_color=\u00a0\u00bb#FFFFFF\u00a0\u00bb global_colors_info=\u00a0\u00bb{}\u00a0\u00bb]<\/p>\n<h1 style=\"text-align: center;\">Tarification<\/h1>\n<p>[\/et_pb_text][\/et_pb_column][\/et_pb_row][\/et_pb_section][et_pb_section fb_built=\u00a0\u00bb1&Prime; admin_label=\u00a0\u00bbFeatures\u00a0\u00bb _builder_version=\u00a0\u00bb4.27.2&Prime; _module_preset=\u00a0\u00bbdefault\u00a0\u00bb use_background_color_gradient=\u00a0\u00bbon\u00a0\u00bb background_color_gradient_direction=\u00a0\u00bb90deg\u00a0\u00bb background_color_gradient_stops=\u00a0\u00bbgcid-a9d8e14e-2f78-408a-a83c-506939196b52 50%|#000000 50%\u00a0\u00bb width=\u00a0\u00bb100%\u00a0\u00bb max_width=\u00a0\u00bb100%\u00a0\u00bb custom_padding=\u00a0\u00bb0px||0px||true|false\u00a0\u00bb border_width_all=\u00a0\u00bb4px\u00a0\u00bb border_color_all=\u00a0\u00bb#FFFFFF\u00a0\u00bb collapsed=\u00a0\u00bbon\u00a0\u00bb global_colors_info=\u00a0\u00bb{}\u00a0\u00bb][et_pb_row column_structure=\u00a0\u00bb1_3,1_3,1_3&Prime; use_custom_gutter=\u00a0\u00bbon\u00a0\u00bb gutter_width=\u00a0\u00bb1&Prime; make_equal=\u00a0\u00bbon\u00a0\u00bb _builder_version=\u00a0\u00bb4.27.2&Prime; _module_preset=\u00a0\u00bbdefault\u00a0\u00bb custom_padding=\u00a0\u00bb0px||0px||true|false\u00a0\u00bb global_colors_info=\u00a0\u00bb{}\u00a0\u00bb][et_pb_column type=\u00a0\u00bb1_3&Prime; _builder_version=\u00a0\u00bb4.27.0&Prime; _module_preset=\u00a0\u00bbdefault\u00a0\u00bb background_color=\u00a0\u00bbgcid-a9d8e14e-2f78-408a-a83c-506939196b52&Prime; custom_padding=\u00a0\u00bb50px|50px|50px||true|false\u00a0\u00bb custom_padding_tablet=\u00a0\u00bb30px|30px|30px|30px|true|true\u00a0\u00bb custom_padding_phone=\u00a0\u00bb20px|20px|20px|20px|true|true\u00a0\u00bb custom_padding_last_edited=\u00a0\u00bbon|tablet\u00a0\u00bb link_option_url=\u00a0\u00bbhttps:\/\/app.endorphine.ca\/collaborator\/acc12f60-91d7-426c-97cd-d9e02b992a49\/billing?category=daily_ticket&#038;return-to=2&#038;self-checkout=True\u00a0\u00bb link_option_url_new_window=\u00a0\u00bbon\u00a0\u00bb global_colors_info=\u00a0\u00bb{%22gcid-a9d8e14e-2f78-408a-a83c-506939196b52%22:%91%22background_color%22%93}\u00a0\u00bb][et_pb_blurb title=\u00a0\u00bbBillet de remont\u00e9e\u00a0\u00bb url_new_window=\u00a0\u00bbon\u00a0\u00bb use_icon=\u00a0\u00bbon\u00a0\u00bb font_icon=\u00a0\u00bb&#xf218;||fa||900&Prime; _builder_version=\u00a0\u00bb4.27.5&Prime; _module_preset=\u00a0\u00bb8ce272fa-255e-413e-9282-d28c77b98cd8&Prime; header_font=\u00a0\u00bbSource Sans Pro|600||||on|||\u00a0\u00bb header_font_size=\u00a0\u00bb30px\u00a0\u00bb text_orientation=\u00a0\u00bbcenter\u00a0\u00bb link_option_url_new_window=\u00a0\u00bbon\u00a0\u00bb locked=\u00a0\u00bboff\u00a0\u00bb global_colors_info=\u00a0\u00bb{}\u00a0\u00bb][\/et_pb_blurb][\/et_pb_column][et_pb_column type=\u00a0\u00bb1_3&Prime; _builder_version=\u00a0\u00bb4.27.2&Prime; _module_preset=\u00a0\u00bbdefault\u00a0\u00bb background_color=\u00a0\u00bb#96B438&Prime; custom_padding=\u00a0\u00bb50px|50px|50px|50px|true|true\u00a0\u00bb custom_padding_tablet=\u00a0\u00bb30px|30px|30px|30px|true|true\u00a0\u00bb custom_padding_phone=\u00a0\u00bb20px|20px|20px|20px|true|true\u00a0\u00bb custom_padding_last_edited=\u00a0\u00bbon|tablet\u00a0\u00bb link_option_url=\u00a0\u00bbhttps:\/\/app.endorphine.ca\/collaborator\/acc12f60-91d7-426c-97cd-d9e02b992a49\/billing?category=season_pass&#038;return-to=2&#038;self-checkout=True\u00a0\u00bb link_option_url_new_window=\u00a0\u00bbon\u00a0\u00bb global_colors_info=\u00a0\u00bb{}\u00a0\u00bb][et_pb_blurb title=\u00a0\u00bbBillet de saison\u00a0\u00bb url=\u00a0\u00bb#billetsaison\u00a0\u00bb url_new_window=\u00a0\u00bbon\u00a0\u00bb use_icon=\u00a0\u00bbon\u00a0\u00bb font_icon=\u00a0\u00bb&#xf3ff;||fa||900&Prime; icon_color=\u00a0\u00bb#FFFFFF\u00a0\u00bb _builder_version=\u00a0\u00bb4.27.2&Prime; _module_preset=\u00a0\u00bb934c58ee-0469-4933-8400-9bebc4a27520&Prime; header_font=\u00a0\u00bbSource Sans Pro|600||||on|||\u00a0\u00bb header_font_size=\u00a0\u00bb30px\u00a0\u00bb text_orientation=\u00a0\u00bbcenter\u00a0\u00bb background_layout=\u00a0\u00bbdark\u00a0\u00bb link_option_url_new_window=\u00a0\u00bbon\u00a0\u00bb locked=\u00a0\u00bboff\u00a0\u00bb global_colors_info=\u00a0\u00bb{}\u00a0\u00bb][\/et_pb_blurb][\/et_pb_column][et_pb_column type=\u00a0\u00bb1_3&Prime; _builder_version=\u00a0\u00bb4.27.0&Prime; _module_preset=\u00a0\u00bbdefault\u00a0\u00bb background_color=\u00a0\u00bb#000000&Prime; custom_padding=\u00a0\u00bb50px||50px|50px|true|false\u00a0\u00bb custom_padding_tablet=\u00a0\u00bb30px|30px|30px|30px|true|true\u00a0\u00bb custom_padding_phone=\u00a0\u00bb20px|20px|20px|20px|true|true\u00a0\u00bb custom_padding_last_edited=\u00a0\u00bbon|tablet\u00a0\u00bb link_option_url=\u00a0\u00bbhttps:\/\/app.endorphine.ca\/collaborator\/acc12f60-91d7-426c-97cd-d9e02b992a49?self-checkout=True\u00a0\u00bb link_option_url_new_window=\u00a0\u00bbon\u00a0\u00bb global_colors_info=\u00a0\u00bb{}\u00a0\u00bb][et_pb_blurb title=\u00a0\u00bbAchats en ligne\u00a0\u00bb url_new_window=\u00a0\u00bbon\u00a0\u00bb use_icon=\u00a0\u00bbon\u00a0\u00bb font_icon=\u00a0\u00bb&#xf2dc;||fa||900&Prime; icon_color=\u00a0\u00bb#FFFFFF\u00a0\u00bb _builder_version=\u00a0\u00bb4.27.5&Prime; _module_preset=\u00a0\u00bb934c58ee-0469-4933-8400-9bebc4a27520&Prime; header_font=\u00a0\u00bbSource Sans Pro|600||||on|||\u00a0\u00bb header_font_size=\u00a0\u00bb30px\u00a0\u00bb text_orientation=\u00a0\u00bbcenter\u00a0\u00bb background_layout=\u00a0\u00bbdark\u00a0\u00bb link_option_url=\u00a0\u00bbhttps:\/\/app.endorphine.ca\/collaborator\/acc12f60-91d7-426c-97cd-d9e02b992a49&Prime; link_option_url_new_window=\u00a0\u00bbon\u00a0\u00bb locked=\u00a0\u00bboff\u00a0\u00bb global_colors_info=\u00a0\u00bb{}\u00a0\u00bb][\/et_pb_blurb][\/et_pb_column][\/et_pb_row][\/et_pb_section][et_pb_section fb_built=\u00a0\u00bb1&Prime; admin_label=\u00a0\u00bbCourses\u00a0\u00bb _builder_version=\u00a0\u00bb4.19.1&Prime; _module_preset=\u00a0\u00bbdefault\u00a0\u00bb saved_tabs=\u00a0\u00bball\u00a0\u00bb collapsed=\u00a0\u00bbon\u00a0\u00bb global_colors_info=\u00a0\u00bb{}\u00a0\u00bb][et_pb_row _builder_version=\u00a0\u00bb4.27.0&Prime; _module_preset=\u00a0\u00bbdefault\u00a0\u00bb max_width=\u00a0\u00bb1001px\u00a0\u00bb global_colors_info=\u00a0\u00bb{}\u00a0\u00bb][et_pb_column type=\u00a0\u00bb4_4&Prime; _builder_version=\u00a0\u00bb4.19.1&Prime; _module_preset=\u00a0\u00bbdefault\u00a0\u00bb global_colors_info=\u00a0\u00bb{}\u00a0\u00bb][et_pb_text _builder_version=\u00a0\u00bb4.27.2&Prime; _module_preset=\u00a0\u00bb01e5dc56-3cfd-4925-bcea-a1dbbee66960&Prime; text_font=\u00a0\u00bb|||||on|||\u00a0\u00bb text_orientation=\u00a0\u00bbcenter\u00a0\u00bb global_colors_info=\u00a0\u00bb{}\u00a0\u00bb]<\/p>\n<h2 style=\"text-align: center;\">Billet de remont\u00e9e<\/h2>\n<p>[\/et_pb_text][et_pb_text _builder_version=\u00a0\u00bb4.27.2&Prime; _module_preset=\u00a0\u00bba1e27b3f-f636-4cae-aad1-a32edc35ca31&Prime; text_font_size=\u00a0\u00bb18px\u00a0\u00bb text_orientation=\u00a0\u00bbcenter\u00a0\u00bb global_colors_info=\u00a0\u00bb{}\u00a0\u00bb]<\/p>\n<p style=\"text-align: center;\"><span>Vous trouverez ici tous les prix pour nos activit\u00e9s (tarif journalier, tarif d\u2019une demi-journ\u00e9e, ski de soir\u00e9e, ainsi que la glissade).\u00a0<\/span><\/p>\n<p style=\"text-align: center;\"><strong>Notez que les prix affich\u00e9s \u00e0 l\u2019\u00e9cran ne comprennent pas les taxes, ni les frais de service de la plateforme transactionnelle.<\/strong><\/p>\n<p>[\/et_pb_text][et_pb_text module_id=\u00a0\u00bbbilletremont\u00e9e\u00a0\u00bb module_class=\u00a0\u00bbbilletremont\u00e9e\u00a0\u00bb _builder_version=\u00a0\u00bb4.27.2&Prime; _module_preset=\u00a0\u00bbdefault\u00a0\u00bb text_font_size=\u00a0\u00bb20px\u00a0\u00bb global_colors_info=\u00a0\u00bb{}\u00a0\u00bb]<\/p>\n<table>\n<thead>\n<tr>\n<th style=\"width: 166px;\">BILLET<\/th>\n<th class=\"has-text-align-center\" data-align=\"center\" style=\"text-align: center; width: 89px;\">JOURN\u00c9E<\/th>\n<th class=\"has-text-align-center\" data-align=\"center\" style=\"text-align: center; width: 153px;\">DEMI JOURN\u00c9E<\/th>\n<th class=\"has-text-align-center\" data-align=\"center\" style=\"text-align: center; width: 134px;\">SKI DE SOIR\u00c9E<\/th>\n<\/tr>\n<\/thead>\n<tbody>\n<tr>\n<td style=\"width: 166px;\">ADULTE<\/td>\n<td class=\"has-text-align-center\" data-align=\"center\" style=\"text-align: center; width: 89px;\">30,70$<\/td>\n<td class=\"has-text-align-center\" data-align=\"center\" style=\"text-align: center; width: 153px;\">24,96$<\/td>\n<td class=\"has-text-align-center\" data-align=\"center\" style=\"text-align: center; width: 134px;\">12,91$<\/td>\n<\/tr>\n<tr>\n<td style=\"width: 166px;\">60 ANS ET PLUS<\/td>\n<td class=\"has-text-align-center\" data-align=\"center\" style=\"text-align: center; width: 89px;\">27,30$<\/td>\n<td class=\"has-text-align-center\" data-align=\"center\" style=\"text-align: center; width: 153px;\">21,57$<\/td>\n<td class=\"has-text-align-center\" data-align=\"center\" style=\"text-align: center; width: 134px;\">11,52$<\/td>\n<\/tr>\n<tr>\n<td style=\"width: 166px;\">ADO 12 \u00e0 17 ans<\/td>\n<td class=\"has-text-align-center\" data-align=\"center\" style=\"text-align: center; width: 89px;\">24,91$<\/td>\n<td class=\"has-text-align-center\" data-align=\"center\" style=\"text-align: center; width: 153px;\">21,09$<\/td>\n<td class=\"has-text-align-center\" data-align=\"center\" style=\"text-align: center; width: 134px;\">11,05$<\/td>\n<\/tr>\n<tr>\n<td style=\"width: 166px;\">ENFANT 6 \u00e0 11 ans<\/td>\n<td class=\"has-text-align-center\" data-align=\"center\" style=\"text-align: center; width: 89px;\">19,18$<\/td>\n<td class=\"has-text-align-center\" data-align=\"center\" style=\"text-align: center; width: 153px;\">14,35$<\/td>\n<td class=\"has-text-align-center\" data-align=\"center\" style=\"text-align: center; width: 134px;\">8,90$<\/td>\n<\/tr>\n<tr>\n<td style=\"width: 166px;\">ENFANT 0 \u00e0 5 ans<\/td>\n<td class=\"has-text-align-center\" data-align=\"center\" style=\"text-align: center; width: 89px;\">GRATUIT<\/td>\n<td class=\"has-text-align-center\" data-align=\"center\" style=\"text-align: center; width: 153px;\">GRATUIT<\/td>\n<td class=\"has-text-align-center\" data-align=\"center\" style=\"text-align: center; width: 134px;\">GRATUIT<\/td>\n<\/tr>\n<tr>\n<td style=\"width: 166px;\">\u00a0RANDO ALPINE<\/td>\n<td class=\"has-text-align-center\" data-align=\"center\" style=\"text-align: center; width: 89px;\">\u00a08,70$<\/td>\n<td class=\"has-text-align-center\" data-align=\"center\" style=\"text-align: center; width: 153px;\">8,70$<\/td>\n<td class=\"has-text-align-center\" data-align=\"center\" style=\"text-align: center; width: 134px;\">\u00a0\u2013<\/td>\n<\/tr>\n<tr>\n<td style=\"width: 166px; text-align: left;\">GLISSADE SUR TUBE<\/td>\n<td class=\"has-text-align-center\" data-align=\"center\" style=\"text-align: center; width: 89px;\">\u2013<\/td>\n<td class=\"has-text-align-center\" data-align=\"center\" style=\"text-align: center; width: 153px;\">5,22$<\/td>\n<td class=\"has-text-align-center\" data-align=\"center\" style=\"text-align: center; width: 134px;\">\u2013<\/td>\n<\/tr>\n<\/tbody>\n<\/table>\n<p>[\/et_pb_text][\/et_pb_column][\/et_pb_row][et_pb_row column_structure=\u00a0\u00bb1_2,1_2&Prime; _builder_version=\u00a0\u00bb4.27.2&Prime; _module_preset=\u00a0\u00bbdefault\u00a0\u00bb width=\u00a0\u00bb82.1%\u00a0\u00bb max_width=\u00a0\u00bb990px\u00a0\u00bb global_colors_info=\u00a0\u00bb{}\u00a0\u00bb][et_pb_column type=\u00a0\u00bb1_2&Prime; _builder_version=\u00a0\u00bb4.27.0&Prime; _module_preset=\u00a0\u00bbdefault\u00a0\u00bb global_colors_info=\u00a0\u00bb{}\u00a0\u00bb][et_pb_text _builder_version=\u00a0\u00bb4.27.2&Prime; _module_preset=\u00a0\u00bba1e27b3f-f636-4cae-aad1-a32edc35ca31&Prime; text_font_size=\u00a0\u00bb18px\u00a0\u00bb text_orientation=\u00a0\u00bbcenter\u00a0\u00bb global_colors_info=\u00a0\u00bb{}\u00a0\u00bb]<\/p>\n<p style=\"text-align: left;\">\u00a0Voici l\u2019horaire :<\/p>\n<ul>\n<li style=\"text-align: left;\">1 Journ\u00e9e : 10h00 \u00e0 15h45 ou 16h (selon le mois)<\/li>\n<li style=\"text-align: left;\">Demi journ\u00e9e : 10h \u00e0 12h30 ou 12h30 \u00e0 la fermeture<\/li>\n<li style=\"text-align: left;\">Ski de soir\u00e9e : 18h \u00e0 21h<\/li>\n<\/ul>\n<p>[\/et_pb_text][\/et_pb_column][et_pb_column type=\u00a0\u00bb1_2&Prime; _builder_version=\u00a0\u00bb4.27.2&Prime; _module_preset=\u00a0\u00bbdefault\u00a0\u00bb custom_padding=\u00a0\u00bb|0px||0px|false|false\u00a0\u00bb global_colors_info=\u00a0\u00bb{}\u00a0\u00bb][et_pb_button button_url=\u00a0\u00bbhttps:\/\/app.endorphine.ca\/collaborator\/acc12f60-91d7-426c-97cd-d9e02b992a49\/billing?category=season_pass&#038;return-to=2&#038;self-checkout=True\u00a0\u00bb url_new_window=\u00a0\u00bbon\u00a0\u00bb button_text=\u00a0\u00bbJ&rsquo;ach\u00e8te ma passe de saison\u00a0\u00bb button_alignment=\u00a0\u00bbcenter\u00a0\u00bb _builder_version=\u00a0\u00bb4.27.5&Prime; _module_preset=\u00a0\u00bb23d1394c-4d3c-410e-9d00-48cdb4e89290&Prime; button_text_size=\u00a0\u00bb30px\u00a0\u00bb button_text_color=\u00a0\u00bb#FFFFFF\u00a0\u00bb button_bg_color=\u00a0\u00bb#96B438&Prime; button_font=\u00a0\u00bbSource Sans Pro|700||||on|||\u00a0\u00bb button_use_icon=\u00a0\u00bboff\u00a0\u00bb custom_padding=\u00a0\u00bb2px|24px|2px|24px|true|true\u00a0\u00bb global_colors_info=\u00a0\u00bb{}\u00a0\u00bb][\/et_pb_button][\/et_pb_column][\/et_pb_row][\/et_pb_section][et_pb_section fb_built=\u00a0\u00bb1&Prime; admin_label=\u00a0\u00bbCall to Action\u00a0\u00bb _builder_version=\u00a0\u00bb4.19.1&Prime; _module_preset=\u00a0\u00bbdefault\u00a0\u00bb custom_padding=\u00a0\u00bb0px||0px||true|false\u00a0\u00bb hover_enabled=\u00a0\u00bb0&Prime; collapsed=\u00a0\u00bbon\u00a0\u00bb global_colors_info=\u00a0\u00bb{}\u00a0\u00bb sticky_enabled=\u00a0\u00bb0&Prime;][et_pb_row column_structure=\u00a0\u00bb1_2,1_2&Prime; use_custom_gutter=\u00a0\u00bbon\u00a0\u00bb gutter_width=\u00a0\u00bb1&Prime; make_equal=\u00a0\u00bbon\u00a0\u00bb _builder_version=\u00a0\u00bb4.27.5&Prime; _module_preset=\u00a0\u00bbdefault\u00a0\u00bb width=\u00a0\u00bb100%\u00a0\u00bb max_width=\u00a0\u00bbnone\u00a0\u00bb custom_padding=\u00a0\u00bb0px||0px||true|false\u00a0\u00bb hover_enabled=\u00a0\u00bb0&Prime; global_colors_info=\u00a0\u00bb{}\u00a0\u00bb sticky_enabled=\u00a0\u00bb0&Prime;][et_pb_column type=\u00a0\u00bb1_2&Prime; _builder_version=\u00a0\u00bb4.27.5&Prime; _module_preset=\u00a0\u00bbdefault\u00a0\u00bb background_image=\u00a0\u00bbhttps:\/\/petitchamonix.com\/2026\/wp-content\/uploads\/2026\/02\/PRIX-2025-2026-mi-saison-scaled.png\u00a0\u00bb background_size=\u00a0\u00bbcontain\u00a0\u00bb hover_enabled=\u00a0\u00bb0&Prime; global_colors_info=\u00a0\u00bb{}\u00a0\u00bb title_text=\u00a0\u00bbPRIX 2025-2026 mi saison\u00a0\u00bb sticky_enabled=\u00a0\u00bb0&Prime;][et_pb_divider show_divider=\u00a0\u00bboff\u00a0\u00bb _builder_version=\u00a0\u00bb4.19.1&Prime; _module_preset=\u00a0\u00bbdefault\u00a0\u00bb height_tablet=\u00a0\u00bb40vw\u00a0\u00bb height_phone=\u00a0\u00bb40vw\u00a0\u00bb height_last_edited=\u00a0\u00bbon|tablet\u00a0\u00bb hover_enabled=\u00a0\u00bb0&Prime; global_colors_info=\u00a0\u00bb{}\u00a0\u00bb sticky_enabled=\u00a0\u00bb0&Prime;][\/et_pb_divider][\/et_pb_column][et_pb_column type=\u00a0\u00bb1_2&Prime; _builder_version=\u00a0\u00bb4.27.2&Prime; _module_preset=\u00a0\u00bbdefault\u00a0\u00bb background_color=\u00a0\u00bbgcid-a9d8e14e-2f78-408a-a83c-506939196b52&Prime; custom_padding=\u00a0\u00bb8%|4%|8%|4%|true|true\u00a0\u00bb global_colors_info=\u00a0\u00bb{%22gcid-a9d8e14e-2f78-408a-a83c-506939196b52%22:%91%22background_color%22%93}\u00a0\u00bb][et_pb_text module_id=\u00a0\u00bbbilletsaison\u00a0\u00bb module_class=\u00a0\u00bbbilletsaison\u00a0\u00bb _builder_version=\u00a0\u00bb4.27.2&Prime; _module_preset=\u00a0\u00bb612956f3-8c19-4b5b-bc68-877e6ad52189&Prime; text_font=\u00a0\u00bb|700||||on|||\u00a0\u00bb text_font_size=\u00a0\u00bb16px\u00a0\u00bb text_line_height=\u00a0\u00bb1.4em\u00a0\u00bb header_font=\u00a0\u00bb|||||on|||\u00a0\u00bb header_2_text_color=\u00a0\u00bb#FFFFFF\u00a0\u00bb text_orientation=\u00a0\u00bbcenter\u00a0\u00bb custom_margin=\u00a0\u00bb-79px|||||\u00a0\u00bb global_colors_info=\u00a0\u00bb{}\u00a0\u00bb]<\/p>\n<h2 class=\"wp-block-heading\" style=\"text-align: center;\">Prix &#8211; Billet de mi-saison<\/h2>\n<p>[\/et_pb_text][et_pb_text _builder_version=\u00a0\u00bb4.27.2&Prime; _module_preset=\u00a0\u00bbaaef5821-46ae-43f2-99bc-e7725aca5b7c\u00a0\u00bb text_text_color=\u00a0\u00bb#FFFFFF\u00a0\u00bb custom_margin=\u00a0\u00bb||15px||false|false\u00a0\u00bb global_colors_info=\u00a0\u00bb{}\u00a0\u00bb]<\/p>\n<p style=\"text-align: justify;\">Les billets de mi-saison seront disponibles \u00e0 partir du 14 f\u00e9vrier prochain. Profitez de plusieurs avantages en plus de ne pas attendre pour r\u00e9cup\u00e9rer votre billet lors de vos visites !\u00a0<strong><\/strong><strong><\/strong><\/p>\n<p style=\"text-align: justify;\"><strong>*Les prix comprennent les taxes.<\/strong><\/p>\n<p style=\"text-align: justify;\">Possibilit\u00e9 d&rsquo;acheter votre passe de mi-saison directement en ligne.\u00a0 Des frais de services sont applicables lors du paiement.<\/p>\n<div dir=\"auto\">\n<p>&nbsp;<\/p>\n<\/div>\n<p>[\/et_pb_text][et_pb_button button_url=\u00a0\u00bbhttps:\/\/app.endorphine.ca\/collaborator\/acc12f60-91d7-426c-97cd-d9e02b992a49\/billing?category=season_pass&#038;return-to=2&#038;self-checkout=True\u00a0\u00bb url_new_window=\u00a0\u00bbon\u00a0\u00bb button_text=\u00a0\u00bbJ&rsquo;ach\u00e8te ma passe de mi-saison\u00a0\u00bb button_alignment=\u00a0\u00bbcenter\u00a0\u00bb _builder_version=\u00a0\u00bb4.27.5&Prime; _module_preset=\u00a0\u00bb1e7d0f5a-a5c0-4f85-ac4e-b99ea580a8d4&Prime; button_text_size=\u00a0\u00bb25px\u00a0\u00bb button_text_color=\u00a0\u00bb#FFFFFF\u00a0\u00bb button_bg_color=\u00a0\u00bb#96B438&Prime; button_use_icon=\u00a0\u00bboff\u00a0\u00bb custom_padding=\u00a0\u00bb2px|24px|2px|24px|true|true\u00a0\u00bb hover_enabled=\u00a0\u00bb0&Prime; global_colors_info=\u00a0\u00bb{}\u00a0\u00bb sticky_enabled=\u00a0\u00bb0&Prime;][\/et_pb_button][et_pb_text _builder_version=\u00a0\u00bb4.27.2&Prime; _module_preset=\u00a0\u00bbdefault\u00a0\u00bb text_text_color=\u00a0\u00bb#FFFFFF\u00a0\u00bb text_font_size=\u00a0\u00bb16px\u00a0\u00bb custom_margin=\u00a0\u00bb27px||||false|false\u00a0\u00bb global_colors_info=\u00a0\u00bb{}\u00a0\u00bb]<\/p>\n<p style=\"text-align: justify;\">Paiement via la boutique en ligne OU en personne sur place. Tous les modes de paiements sont accept\u00e9s : argent comptant, ch\u00e8ques, carte de cr\u00e9dit, carte de d\u00e9bit et carte cadeau.\u00a0\u00a0<\/p>\n<p style=\"text-align: justify;\">BONUS<br \/>Les d\u00e9tenteurs de billet de saison et de demi-saison ont le droit de glisser gratuitement dans la glissade sur tube toute la saison. Les skis de soir\u00e9es sont inclus avec l\u2019achat du billet de saison et de demi-saison.<\/p>\n<p>[\/et_pb_text][\/et_pb_column][\/et_pb_row][\/et_pb_section][et_pb_section fb_built=\u00a0\u00bb1&Prime; admin_label=\u00a0\u00bbCall to Action\u00a0\u00bb _builder_version=\u00a0\u00bb4.19.1&Prime; _module_preset=\u00a0\u00bbdefault\u00a0\u00bb custom_padding=\u00a0\u00bb0px||0px||true|false\u00a0\u00bb collapsed=\u00a0\u00bbon\u00a0\u00bb global_colors_info=\u00a0\u00bb{}\u00a0\u00bb][\/et_pb_section]<\/p>\n","protected":false},"excerpt":{"rendered":"<p>TarificationBillet de remont\u00e9eVous trouverez ici tous les prix pour nos activit\u00e9s (tarif journalier, tarif d\u2019une demi-journ\u00e9e, ski de soir\u00e9e, ainsi que la glissade).\u00a0 Notez que les prix affich\u00e9s \u00e0 l\u2019\u00e9cran ne comprennent pas les taxes, ni les frais de service de la plateforme transactionnelle. BILLET JOURN\u00c9E DEMI JOURN\u00c9E SKI DE SOIR\u00c9E ADULTE 30,70$ 24,96$ 12,91$ [&hellip;]<\/p>\n","protected":false},"author":1,"featured_media":0,"parent":0,"menu_order":0,"comment_status":"closed","ping_status":"closed","template":"","meta":{"_et_pb_use_builder":"on","_et_pb_old_content":"","_et_gb_content_width":"","footnotes":""},"class_list":["post-164","page","type-page","status-publish","hentry"],"_links":{"self":[{"href":"https:\/\/petitchamonix.com\/2026\/wp-json\/wp\/v2\/pages\/164","targetHints":{"allow":["GET"]}}],"collection":[{"href":"https:\/\/petitchamonix.com\/2026\/wp-json\/wp\/v2\/pages"}],"about":[{"href":"https:\/\/petitchamonix.com\/2026\/wp-json\/wp\/v2\/types\/page"}],"author":[{"embeddable":true,"href":"https:\/\/petitchamonix.com\/2026\/wp-json\/wp\/v2\/users\/1"}],"replies":[{"embeddable":true,"href":"https:\/\/petitchamonix.com\/2026\/wp-json\/wp\/v2\/comments?post=164"}],"version-history":[{"count":11,"href":"https:\/\/petitchamonix.com\/2026\/wp-json\/wp\/v2\/pages\/164\/revisions"}],"predecessor-version":[{"id":1029,"href":"https:\/\/petitchamonix.com\/2026\/wp-json\/wp\/v2\/pages\/164\/revisions\/1029"}],"wp:attachment":[{"href":"https:\/\/petitchamonix.com\/2026\/wp-json\/wp\/v2\/media?parent=164"}],"curies":[{"name":"wp","href":"https:\/\/api.w.org\/{rel}","templated":true}]}}