{"id":232,"date":"2024-09-17T22:38:19","date_gmt":"2024-09-18T02:38:19","guid":{"rendered":"https:\/\/staging.mxnumerique.ca\/?page_id=232"},"modified":"2026-01-20T21:46:39","modified_gmt":"2026-01-21T02:46:39","slug":"groupe-scolaire","status":"publish","type":"page","link":"https:\/\/petitchamonix.com\/2026\/groupe-scolaire\/","title":{"rendered":"Groupe scolaire"},"content":{"rendered":"<p>[et_pb_section fb_built=\u00a0\u00bb1&Prime; admin_label=\u00a0\u00bbHeader\u00a0\u00bb _builder_version=\u00a0\u00bb4.27.0&Prime; _module_preset=\u00a0\u00bbdefault\u00a0\u00bb background_image=\u00a0\u00bbhttps:\/\/petitchamonix.com\/2026\/wp-content\/uploads\/2024\/09\/zoom2-scaled-1.jpeg\u00a0\u00bb background_position=\u00a0\u00bbbottom_center\u00a0\u00bb custom_padding=\u00a0\u00bb8vw||0px||false|false\u00a0\u00bb collapsed=\u00a0\u00bbon\u00a0\u00bb global_colors_info=\u00a0\u00bb{}\u00a0\u00bb][et_pb_row custom_padding_last_edited=\u00a0\u00bbon|desktop\u00a0\u00bb _builder_version=\u00a0\u00bb4.27.2&Prime; _module_preset=\u00a0\u00bbdefault\u00a0\u00bb background_color=\u00a0\u00bbgcid-a9d8e14e-2f78-408a-a83c-506939196b52&Prime; background_image=\u00a0\u00bbhttps:\/\/petitchamonix.com\/2026\/wp-content\/uploads\/2025\/12\/header-2-5-scaled.png\u00a0\u00bb background_position=\u00a0\u00bbbottom_center\u00a0\u00bb custom_padding=\u00a0\u00bb36px|60px|36px|120px|true|false\u00a0\u00bb custom_padding_tablet=\u00a0\u00bb30px|30px|30px|60px|true|false\u00a0\u00bb custom_padding_phone=\u00a0\u00bb20px|20px|20px|40px|true|false\u00a0\u00bb border_radii=\u00a0\u00bboff|30px|30px||\u00a0\u00bb global_colors_info=\u00a0\u00bb{%22gcid-a9d8e14e-2f78-408a-a83c-506939196b52%22:%91%22background_color%22%93}\u00a0\u00bb][et_pb_column type=\u00a0\u00bb4_4&Prime; _builder_version=\u00a0\u00bb4.22.1&Prime; _module_preset=\u00a0\u00bbdefault\u00a0\u00bb global_colors_info=\u00a0\u00bb{}\u00a0\u00bb][et_pb_text _builder_version=\u00a0\u00bb4.27.2&Prime; _module_preset=\u00a0\u00bb50e719cc-790d-4ce2-82df-843874860188&Prime; text_font=\u00a0\u00bb||||||||\u00a0\u00bb text_letter_spacing=\u00a0\u00bb1px\u00a0\u00bb header_font=\u00a0\u00bb|700||||on|||\u00a0\u00bb header_text_color=\u00a0\u00bb#FFFFFF\u00a0\u00bb global_colors_info=\u00a0\u00bb{}\u00a0\u00bb]<\/p>\n<h1 style=\"text-align: center;\">Groupe Scolaire<\/h1>\n<p>[\/et_pb_text][\/et_pb_column][\/et_pb_row][\/et_pb_section][et_pb_section fb_built=\u00a0\u00bb1&Prime; admin_label=\u00a0\u00bbFeatures\u00a0\u00bb _builder_version=\u00a0\u00bb4.27.2&Prime; _module_preset=\u00a0\u00bbdefault\u00a0\u00bb use_background_color_gradient=\u00a0\u00bbon\u00a0\u00bb background_color_gradient_direction=\u00a0\u00bb90deg\u00a0\u00bb background_color_gradient_stops=\u00a0\u00bbgcid-a9d8e14e-2f78-408a-a83c-506939196b52 50%|#000000 50%\u00a0\u00bb custom_padding=\u00a0\u00bb0px||0px||true|false\u00a0\u00bb border_width_all=\u00a0\u00bb4px\u00a0\u00bb border_color_all=\u00a0\u00bb#FFFFFF\u00a0\u00bb collapsed=\u00a0\u00bbon\u00a0\u00bb global_colors_info=\u00a0\u00bb{}\u00a0\u00bb][et_pb_row column_structure=\u00a0\u00bb1_3,1_3,1_3&Prime; use_custom_gutter=\u00a0\u00bbon\u00a0\u00bb gutter_width=\u00a0\u00bb1&Prime; make_equal=\u00a0\u00bbon\u00a0\u00bb _builder_version=\u00a0\u00bb4.27.5&Prime; _module_preset=\u00a0\u00bbdefault\u00a0\u00bb background_color=\u00a0\u00bb#96B438&Prime; width=\u00a0\u00bb91%\u00a0\u00bb custom_padding=\u00a0\u00bb0px||0px||true|false\u00a0\u00bb hover_enabled=\u00a0\u00bb0&Prime; global_colors_info=\u00a0\u00bb{}\u00a0\u00bb sticky_enabled=\u00a0\u00bb0&Prime;][et_pb_column type=\u00a0\u00bb1_3&Prime; _builder_version=\u00a0\u00bb4.19.1&Prime; _module_preset=\u00a0\u00bbdefault\u00a0\u00bb background_color=\u00a0\u00bbgcid-a9d8e14e-2f78-408a-a83c-506939196b52&Prime; custom_padding=\u00a0\u00bb50px|50px|50px||true|false\u00a0\u00bb custom_padding_tablet=\u00a0\u00bb30px|30px|30px|30px|true|true\u00a0\u00bb custom_padding_phone=\u00a0\u00bb20px|20px|20px|20px|true|true\u00a0\u00bb custom_padding_last_edited=\u00a0\u00bbon|tablet\u00a0\u00bb global_colors_info=\u00a0\u00bb{%22gcid-a9d8e14e-2f78-408a-a83c-506939196b52%22:%91%22background_color%22%93}\u00a0\u00bb][et_pb_blurb title=\u00a0\u00bbTarification\u00a0\u00bb url=\u00a0\u00bb#tarif\u00a0\u00bb url_new_window=\u00a0\u00bbon\u00a0\u00bb use_icon=\u00a0\u00bbon\u00a0\u00bb font_icon=\u00a0\u00bb&#xf51c;||fa||900&Prime; _builder_version=\u00a0\u00bb4.27.2&Prime; _module_preset=\u00a0\u00bb78205e09-d659-44c6-b2b3-35798461f884&Prime; header_font=\u00a0\u00bbSource Sans Pro|600||||on|||\u00a0\u00bb header_font_size=\u00a0\u00bb30px\u00a0\u00bb text_orientation=\u00a0\u00bbcenter\u00a0\u00bb locked=\u00a0\u00bboff\u00a0\u00bb global_colors_info=\u00a0\u00bb{}\u00a0\u00bb][\/et_pb_blurb][\/et_pb_column][et_pb_column type=\u00a0\u00bb1_3&Prime; _builder_version=\u00a0\u00bb4.27.5&Prime; _module_preset=\u00a0\u00bbdefault\u00a0\u00bb background_color=\u00a0\u00bb#96B438&Prime; custom_padding=\u00a0\u00bb50px|50px|50px|50px|true|true\u00a0\u00bb custom_padding_tablet=\u00a0\u00bb30px|30px|30px|30px|true|true\u00a0\u00bb custom_padding_phone=\u00a0\u00bb20px|20px|20px|20px|true|true\u00a0\u00bb custom_padding_last_edited=\u00a0\u00bbon|tablet\u00a0\u00bb link_option_url_new_window=\u00a0\u00bbon\u00a0\u00bb hover_enabled=\u00a0\u00bb0&Prime; global_colors_info=\u00a0\u00bb{}\u00a0\u00bb sticky_enabled=\u00a0\u00bb0&Prime;][et_pb_blurb title=\u00a0\u00bbDocumentation\u00a0\u00bb use_icon=\u00a0\u00bbon\u00a0\u00bb font_icon=\u00a0\u00bb&#xe058;||divi||400&Prime; _builder_version=\u00a0\u00bb4.27.5&Prime; _module_preset=\u00a0\u00bb78205e09-d659-44c6-b2b3-35798461f884&Prime; header_font=\u00a0\u00bbSource Sans Pro|600||||on|||\u00a0\u00bb header_font_size=\u00a0\u00bb30px\u00a0\u00bb text_orientation=\u00a0\u00bbcenter\u00a0\u00bb link_option_url=\u00a0\u00bbhttps:\/\/maneige.ski\/groupe-scolaire\/\u00a0\u00bb link_option_url_new_window=\u00a0\u00bbon\u00a0\u00bb hover_enabled=\u00a0\u00bb0&Prime; locked=\u00a0\u00bboff\u00a0\u00bb global_colors_info=\u00a0\u00bb{}\u00a0\u00bb url_new_window=\u00a0\u00bbon\u00a0\u00bb sticky_enabled=\u00a0\u00bb0&Prime;][\/et_pb_blurb][\/et_pb_column][et_pb_column type=\u00a0\u00bb1_3&Prime; _builder_version=\u00a0\u00bb4.27.0&Prime; _module_preset=\u00a0\u00bbdefault\u00a0\u00bb background_color=\u00a0\u00bb#000000&Prime; custom_padding=\u00a0\u00bb50px||50px|50px|true|false\u00a0\u00bb custom_padding_tablet=\u00a0\u00bb30px|30px|30px|30px|true|true\u00a0\u00bb custom_padding_phone=\u00a0\u00bb20px|20px|20px|20px|true|true\u00a0\u00bb custom_padding_last_edited=\u00a0\u00bbon|tablet\u00a0\u00bb link_option_url=\u00a0\u00bbmailto:info@petitchamonix.com\u00a0\u00bb link_option_url_new_window=\u00a0\u00bbon\u00a0\u00bb global_colors_info=\u00a0\u00bb{}\u00a0\u00bb][et_pb_blurb title=\u00a0\u00bbCommuniquez avec nous\u00a0\u00bb use_icon=\u00a0\u00bbon\u00a0\u00bb font_icon=\u00a0\u00bb&#xf086;||fa||900&Prime; _builder_version=\u00a0\u00bb4.27.5&Prime; _dynamic_attributes=\u00a0\u00bblink_option_url\u00a0\u00bb _module_preset=\u00a0\u00bb78205e09-d659-44c6-b2b3-35798461f884&Prime; header_font=\u00a0\u00bbSource Sans Pro|600||||on|||\u00a0\u00bb header_font_size=\u00a0\u00bb30px\u00a0\u00bb text_orientation=\u00a0\u00bbcenter\u00a0\u00bb link_option_url=\u00a0\u00bb@ET-DC@eyJkeW5hbWljIjp0cnVlLCJjb250ZW50IjoicG9zdF9saW5rX3VybF9wYWdlIiwic2V0dGluZ3MiOnsicG9zdF9pZCI6Ijk1NSJ9fQ==@\u00a0\u00bb locked=\u00a0\u00bboff\u00a0\u00bb global_colors_info=\u00a0\u00bb{}\u00a0\u00bb][\/et_pb_blurb][\/et_pb_column][\/et_pb_row][\/et_pb_section][et_pb_section fb_built=\u00a0\u00bb1&Prime; admin_label=\u00a0\u00bbCourses\u00a0\u00bb _builder_version=\u00a0\u00bb4.19.1&Prime; _module_preset=\u00a0\u00bbdefault\u00a0\u00bb custom_padding=\u00a0\u00bb||15px|||\u00a0\u00bb saved_tabs=\u00a0\u00bball\u00a0\u00bb collapsed=\u00a0\u00bbon\u00a0\u00bb global_colors_info=\u00a0\u00bb{}\u00a0\u00bb][et_pb_row _builder_version=\u00a0\u00bb4.27.0&Prime; _module_preset=\u00a0\u00bbdefault\u00a0\u00bb max_width=\u00a0\u00bb1082px\u00a0\u00bb global_colors_info=\u00a0\u00bb{}\u00a0\u00bb][et_pb_column type=\u00a0\u00bb4_4&Prime; _builder_version=\u00a0\u00bb4.19.1&Prime; _module_preset=\u00a0\u00bbdefault\u00a0\u00bb global_colors_info=\u00a0\u00bb{}\u00a0\u00bb][et_pb_text _builder_version=\u00a0\u00bb4.27.2&Prime; _module_preset=\u00a0\u00bb40ca99cb-88d8-44d4-b2f5-7de296f929d6&Prime; text_font=\u00a0\u00bb|||||on|||\u00a0\u00bb text_orientation=\u00a0\u00bbcenter\u00a0\u00bb global_colors_info=\u00a0\u00bb{}\u00a0\u00bb]<\/p>\n<h2 style=\"text-align: center;\"><strong>\u00a0<\/strong><strong>Vivez l&rsquo;exp\u00e9rience Petit Chamonix<\/strong><\/h2>\n<p>[\/et_pb_text][et_pb_text _builder_version=\u00a0\u00bb4.27.0&Prime; _module_preset=\u00a0\u00bb40ca99cb-88d8-44d4-b2f5-7de296f929d6&Prime; text_orientation=\u00a0\u00bbcenter\u00a0\u00bb global_colors_info=\u00a0\u00bb{}\u00a0\u00bb]<\/p>\n<h3 style=\"text-align: center;\"><strong>\u00a0<\/strong><\/h3>\n<h3 style=\"text-align: center;\"><strong>Offrez une station familiale parfaite pour les d\u00e9butants \u00e0 vos \u00e9l\u00e8ves pour leur sortie scolaire cet hiver.<\/strong><\/h3>\n<p>[\/et_pb_text][et_pb_text _builder_version=\u00a0\u00bb4.27.2&Prime; _module_preset=\u00a0\u00bbb0194ff7-b6b9-4edb-b2b9-a16e710c1c12&Prime; text_font_size=\u00a0\u00bb18px\u00a0\u00bb text_orientation=\u00a0\u00bbcenter\u00a0\u00bb global_colors_info=\u00a0\u00bb{}\u00a0\u00bb]<\/p>\n<p style=\"text-align: left;\">Le Petit Chamonix vous accueille dans un environnement s\u00e9curitaire. Nos patrouilleurs sont sur les pentes pour s\u2019assurer de la s\u00e9curit\u00e9 des skieurs et planchistes.<\/p>\n<p style=\"text-align: left;\">Nous fournissons des moniteurs de skis et de planche \u00e0 neige pour initier les d\u00e9butants dans la zone d\u2019apprentissage au bas des pentes. Lorsque les \u00e9l\u00e8ves ma\u00eetrisent bien leur ski\/planche \u00e0 neige, ils peuvent monter au sommet.<\/p>\n<p style=\"text-align: left;\">Lorsque vous choisissez Le Petit Chamonix, ce n\u2019est pas uniquement pour les skieurs et planchistes. Nous offrons la glissade sur tube, la patinoire, nous avons 12 paires de raquettes \u00e0 votre disposition, de plus, il y a le service de restauration pour votre d\u00eener. Une ambiance chaleureuse avec un foyer central et un personnel accueillant.<\/p>\n<p>[\/et_pb_text][\/et_pb_column][\/et_pb_row][et_pb_row _builder_version=\u00a0\u00bb4.27.0&Prime; _module_preset=\u00a0\u00bbdefault\u00a0\u00bb global_colors_info=\u00a0\u00bb{}\u00a0\u00bb][et_pb_column type=\u00a0\u00bb4_4&Prime; _builder_version=\u00a0\u00bb4.27.0&Prime; _module_preset=\u00a0\u00bbdefault\u00a0\u00bb global_colors_info=\u00a0\u00bb{}\u00a0\u00bb][et_pb_text _builder_version=\u00a0\u00bb4.27.2&Prime; _module_preset=\u00a0\u00bbdefault\u00a0\u00bb text_font=\u00a0\u00bb|||||on|||\u00a0\u00bb text_font_size=\u00a0\u00bb20px\u00a0\u00bb custom_margin=\u00a0\u00bb||-9px|||\u00a0\u00bb global_colors_info=\u00a0\u00bb{}\u00a0\u00bb]<\/p>\n<h1 style=\"text-align: center;\"><strong>Tarification | Tarifs scolaire<\/strong><\/h1>\n<p>[\/et_pb_text][\/et_pb_column][\/et_pb_row][et_pb_row module_id=\u00a0\u00bbtarif\u00a0\u00bb module_class=\u00a0\u00bbtarif\u00a0\u00bb _builder_version=\u00a0\u00bb4.27.2&Prime; _module_preset=\u00a0\u00bbdefault\u00a0\u00bb custom_padding=\u00a0\u00bb25px|||||\u00a0\u00bb global_colors_info=\u00a0\u00bb{}\u00a0\u00bb][et_pb_column type=\u00a0\u00bb4_4&Prime; _builder_version=\u00a0\u00bb4.27.2&Prime; _module_preset=\u00a0\u00bbdefault\u00a0\u00bb global_colors_info=\u00a0\u00bb{}\u00a0\u00bb][et_pb_text _builder_version=\u00a0\u00bb4.27.2&Prime; _module_preset=\u00a0\u00bbdefault\u00a0\u00bb text_font_size=\u00a0\u00bb18px\u00a0\u00bb text_orientation=\u00a0\u00bbcenter\u00a0\u00bb global_colors_info=\u00a0\u00bb{}\u00a0\u00bb]<\/p>\n<table width=\"568\" height=\"263\" style=\"width: 680px; height: 283px; margin-left: auto; margin-right: auto;\">\n<thead>\n<tr style=\"height: 24px;\">\n<th style=\"width: 500.75px; height: 24px; text-align: left;\">DESCRIPTION<\/th>\n<th class=\"has-text-align-center\" data-align=\"center\" style=\"text-align: center; width: 163.25px; height: 24px;\">TARIFS<\/th>\n<\/tr>\n<\/thead>\n<tbody>\n<tr style=\"height: 26px;\">\n<td style=\"width: 500.75px; height: 26px;\">BILLET DE REMONT\u00c9E | \u00c9TUDIANT.E<\/td>\n<td class=\"has-text-align-center\" data-align=\"center\" style=\"text-align: center; width: 163.25px; height: 26px;\">12 $<\/td>\n<\/tr>\n<tr style=\"height: 26px;\">\n<td style=\"width: 500.75px; height: 26px;\">LOCATION D&rsquo;\u00c9QUIPEMENT | \u00c9TUDIANT.E<\/td>\n<td class=\"has-text-align-center\" data-align=\"center\" style=\"text-align: center; width: 163.25px; height: 26px;\">8 $<\/td>\n<\/tr>\n<tr style=\"height: 26px;\">\n<td style=\"width: 500.75px; height: 26px;\">BILLET DE REMONT\u00c9E | ACCOMPAGNATEUR.TRICE.S<\/td>\n<td class=\"has-text-align-center\" data-align=\"center\" style=\"text-align: center; width: 163.25px; height: 26px;\">17 $<\/td>\n<\/tr>\n<tr style=\"height: 26px;\">\n<td style=\"width: 500.75px; height: 26px;\">LOCATION D&rsquo;\u00c9QUIPEMENT | ACCOMPAGNATEUR.TRICE.S<\/td>\n<td class=\"has-text-align-center\" data-align=\"center\" style=\"text-align: center; width: 163.25px; height: 26px;\">12 $<\/td>\n<\/tr>\n<tr style=\"height: 26px;\">\n<td style=\"width: 500.75px; height: 26px;\">D\u00c9TENTEUR.TRICE DE BILLET DE SAISON<\/td>\n<td class=\"has-text-align-center\" data-align=\"center\" style=\"text-align: center; width: 163.25px; height: 26px;\">GRATUIT<\/td>\n<\/tr>\n<tr style=\"height: 26px;\">\n<td style=\"width: 500.75px; height: 26px;\">GLISSADE SUR TUBE<\/td>\n<td class=\"has-text-align-center\" data-align=\"center\" style=\"text-align: center; width: 163.25px; height: 26px;\">\u00a06 $<\/td>\n<\/tr>\n<tr style=\"height: 26px;\">\n<td style=\"width: 500.75px; text-align: left; height: 26px;\">TARIFICATION DE BASE POUR L&rsquo;\u00c9COLE<\/td>\n<td class=\"has-text-align-center\" data-align=\"center\" style=\"text-align: center; width: 163.25px; height: 26px;\">450 $<\/td>\n<\/tr>\n<\/tbody>\n<\/table>\n<p>[\/et_pb_text][\/et_pb_column][\/et_pb_row][\/et_pb_section][et_pb_section fb_built=\u00a0\u00bb1&Prime; admin_label=\u00a0\u00bbCall to Action\u00a0\u00bb _builder_version=\u00a0\u00bb4.19.1&Prime; _module_preset=\u00a0\u00bbdefault\u00a0\u00bb custom_padding=\u00a0\u00bb0px||0px||true|false\u00a0\u00bb collapsed=\u00a0\u00bbon\u00a0\u00bb global_colors_info=\u00a0\u00bb{}\u00a0\u00bb][et_pb_row _builder_version=\u00a0\u00bb4.27.0&Prime; _module_preset=\u00a0\u00bbdefault\u00a0\u00bb custom_padding=\u00a0\u00bb||4px|||\u00a0\u00bb global_colors_info=\u00a0\u00bb{}\u00a0\u00bb][et_pb_column type=\u00a0\u00bb4_4&Prime; _builder_version=\u00a0\u00bb4.27.0&Prime; _module_preset=\u00a0\u00bbdefault\u00a0\u00bb global_colors_info=\u00a0\u00bb{}\u00a0\u00bb][et_pb_text _builder_version=\u00a0\u00bb4.27.2&Prime; _module_preset=\u00a0\u00bbdefault\u00a0\u00bb text_font=\u00a0\u00bb||||||||\u00a0\u00bb global_colors_info=\u00a0\u00bb{}\u00a0\u00bb]<\/p>\n<h2 style=\"text-align: justify;\"><strong>Explication de la tarification de base pour l&rsquo;\u00e9cole<\/strong><\/h2>\n<p style=\"text-align: justify;\">Nous sommes une station de ski municipale, le d\u00e9ficit annuel est pris en charge par la municipalit\u00e9 de Matap\u00e9dia \u00e0 elle seule. Donc pour minimiser le d\u00e9ficit puisque nous ouvrons la station pour votre groupe scolaire. Nous demandons aux \u00e9coles de nous aider financi\u00e8rement pour couvrir une partie des frais d\u2019exploitation lors des journ\u00e9es classe neige. De cette fa\u00e7on, nous pouvons r\u00e9duire les frais charg\u00e9s aux \u00e9tudiants afin de permettre \u00e0 un plus grand nombre d\u2019en profiter.<\/p>\n<p style=\"text-align: justify;\">Nous vous encourageons \u00e0 vous jumeler avec une autre \u00e9cole pour s\u00e9parer cette facture en deux si cela vous semble trop dispendieux.<\/p>\n<p style=\"text-align: justify;\">\n<h2 style=\"text-align: justify;\"><strong>R\u00e9servation<\/strong><\/h2>\n<p style=\"text-align: justify;\">Notre horaire habituel pour les journ\u00e9es d\u2019op\u00e9rations coordonne avec vos journ\u00e9es p\u00e9dagogiques et toutes les fins de semaine. Il nous fera plaisir d\u2019ouvrir la montagne pour votre groupe scolaire sur semaine. Nous vous sugg\u00e9rons de choisir une journ\u00e9e entre le mercredi, le jeudi et le vendredi.<\/p>\n<p style=\"text-align: justify;\">Pour la r\u00e9servation d\u2019\u00e9quipement, nous demandons de compl\u00e9ter la fiche d\u2019inscription et nous la retourner au minimum 7 jours avant votre journ\u00e9e chez nous.\u00a0 Pour vous, assurez de la disponibilit\u00e9, r\u00e9servez votre date d\u00e8s que possible avec la directrice par t\u00e9l\u00e9phone ou par courriel.<\/p>\n<p style=\"text-align: justify;\">\n<h2 style=\"text-align: justify;\"><strong>Restauration<\/strong><\/h2>\n<p style=\"text-align: justify;\">Les participants ont la possibilit\u00e9 d\u2019apporter leur lunch ou de choisir parmi le menu propos\u00e9 \u00e0 la cantine. Si vous d\u00e9sirez utiliser les services de la cantine, merci d\u2019en faire part \u00e0 la direction qui vous mettra en contact avec la personne responsable de la cuisine.<\/p>\n<p style=\"text-align: justify;\">\n<h2 style=\"text-align: justify;\"><strong>Accueil du groupe<\/strong><\/h2>\n<ul style=\"text-align: justify;\">\n<li>Arriv\u00e9 des autobus<\/li>\n<li>Remise des billets journaliers aux \u00e9l\u00e8ves qui n\u2019ont pas besoin d\u2019\u00e9quipement<\/li>\n<li>Remise de l\u2019\u00e9quipement de location et billets journalier<\/li>\n<li>Ouverture des remont\u00e9es m\u00e9caniques<\/li>\n<li>D\u00e8s que les d\u00e9butants ont leur \u00e9quipement et qu\u2019ils sont pr\u00eats. Les moniteurs seront \u00e0 l\u2019ext\u00e9rieur (pr\u00e8s des racks \u00e0 ski) pour les initi\u00e9s les d\u00e9butants.<\/li>\n<li>Ski\/planche, glissade, patinoire et raquette pour la journ\u00e9e.<\/li>\n<li>En fin de journ\u00e9e : Retour des \u00e9quipements de location.<\/li>\n<\/ul>\n<p style=\"text-align: justify;\">Nous vous remercions de l\u2019encouragement offert au centre de ski Le Petit Chamonix, le seul centre de ski de la MRC Avignon. C\u2019est en partie gr\u00e2ce \u00e0 vous que nous pouvons poursuivre nos activit\u00e9s, car votre \u00e9cole est pleine de rel\u00e8ve pour nos pentes de ski<\/p>\n<p style=\"text-align: justify;\">\n<h2><a href=\"http:\/\/www.maneige.com\/fr\/planifiez-votre-sortie\/groupes-scolaires.html\" target=\"_blank\" rel=\"noopener\"><\/a><\/h2>\n<p>[\/et_pb_text][\/et_pb_column][\/et_pb_row][et_pb_row column_structure=\u00a0\u00bb1_2,1_2&Prime; _builder_version=\u00a0\u00bb4.27.2&Prime; _module_preset=\u00a0\u00bbdefault\u00a0\u00bb global_colors_info=\u00a0\u00bb{}\u00a0\u00bb][et_pb_column type=\u00a0\u00bb1_2&Prime; _builder_version=\u00a0\u00bb4.27.2&Prime; _module_preset=\u00a0\u00bbdefault\u00a0\u00bb global_colors_info=\u00a0\u00bb{}\u00a0\u00bb][et_pb_button button_url=\u00a0\u00bb@ET-DC@eyJkeW5hbWljIjp0cnVlLCJjb250ZW50IjoicG9zdF9saW5rX3VybF9wYWdlIiwic2V0dGluZ3MiOnsicG9zdF9pZCI6Ijk1NSJ9fQ==@\u00a0\u00bb button_text=\u00a0\u00bbCommuniquez avec la direction \u00a0\u00bb button_alignment=\u00a0\u00bbcenter\u00a0\u00bb _builder_version=\u00a0\u00bb4.27.5&Prime; _dynamic_attributes=\u00a0\u00bbbutton_url\u00a0\u00bb _module_preset=\u00a0\u00bbdefault\u00a0\u00bb custom_button=\u00a0\u00bbon\u00a0\u00bb button_text_size=\u00a0\u00bb30px\u00a0\u00bb button_text_color=\u00a0\u00bb#FFFFFF\u00a0\u00bb button_bg_color=\u00a0\u00bb#96B438&Prime; button_border_radius=\u00a0\u00bb25px\u00a0\u00bb button_font=\u00a0\u00bb|700||||on|||\u00a0\u00bb button_use_icon=\u00a0\u00bboff\u00a0\u00bb global_colors_info=\u00a0\u00bb{}\u00a0\u00bb][\/et_pb_button][\/et_pb_column][et_pb_column type=\u00a0\u00bb1_2&Prime; _builder_version=\u00a0\u00bb4.27.2&Prime; _module_preset=\u00a0\u00bbdefault\u00a0\u00bb global_colors_info=\u00a0\u00bb{}\u00a0\u00bb][et_pb_button button_url=\u00a0\u00bbhttps:\/\/maneige.ski\/groupe-scolaire\/\u00a0\u00bb button_text=\u00a0\u00bbPr\u00e9parer vos groupes \u00a0\u00bb button_alignment=\u00a0\u00bbcenter\u00a0\u00bb _builder_version=\u00a0\u00bb4.27.5&Prime; _module_preset=\u00a0\u00bbdefault\u00a0\u00bb custom_button=\u00a0\u00bbon\u00a0\u00bb button_text_size=\u00a0\u00bb30px\u00a0\u00bb button_text_color=\u00a0\u00bb#FFFFFF\u00a0\u00bb button_bg_color=\u00a0\u00bb#96B438&Prime; button_border_radius=\u00a0\u00bb25px\u00a0\u00bb button_font=\u00a0\u00bb|700||||on|||\u00a0\u00bb button_use_icon=\u00a0\u00bboff\u00a0\u00bb hover_enabled=\u00a0\u00bb0&Prime; global_colors_info=\u00a0\u00bb{}\u00a0\u00bb url_new_window=\u00a0\u00bbon\u00a0\u00bb sticky_enabled=\u00a0\u00bb0&Prime;][\/et_pb_button][\/et_pb_column][\/et_pb_row][\/et_pb_section]<\/p>\n","protected":false},"excerpt":{"rendered":"<p>Groupe Scolaire\u00a0Vivez l&rsquo;exp\u00e9rience Petit Chamonix\u00a0 Offrez une station familiale parfaite pour les d\u00e9butants \u00e0 vos \u00e9l\u00e8ves pour leur sortie scolaire cet hiver.Le Petit Chamonix vous accueille dans un environnement s\u00e9curitaire. Nos patrouilleurs sont sur les pentes pour s\u2019assurer de la s\u00e9curit\u00e9 des skieurs et planchistes. Nous fournissons des moniteurs de skis et de planche \u00e0 [&hellip;]<\/p>\n","protected":false},"author":1,"featured_media":0,"parent":0,"menu_order":0,"comment_status":"closed","ping_status":"closed","template":"","meta":{"_et_pb_use_builder":"on","_et_pb_old_content":"","_et_gb_content_width":"","footnotes":""},"class_list":["post-232","page","type-page","status-publish","hentry"],"_links":{"self":[{"href":"https:\/\/petitchamonix.com\/2026\/wp-json\/wp\/v2\/pages\/232","targetHints":{"allow":["GET"]}}],"collection":[{"href":"https:\/\/petitchamonix.com\/2026\/wp-json\/wp\/v2\/pages"}],"about":[{"href":"https:\/\/petitchamonix.com\/2026\/wp-json\/wp\/v2\/types\/page"}],"author":[{"embeddable":true,"href":"https:\/\/petitchamonix.com\/2026\/wp-json\/wp\/v2\/users\/1"}],"replies":[{"embeddable":true,"href":"https:\/\/petitchamonix.com\/2026\/wp-json\/wp\/v2\/comments?post=232"}],"version-history":[{"count":6,"href":"https:\/\/petitchamonix.com\/2026\/wp-json\/wp\/v2\/pages\/232\/revisions"}],"predecessor-version":[{"id":1003,"href":"https:\/\/petitchamonix.com\/2026\/wp-json\/wp\/v2\/pages\/232\/revisions\/1003"}],"wp:attachment":[{"href":"https:\/\/petitchamonix.com\/2026\/wp-json\/wp\/v2\/media?parent=232"}],"curies":[{"name":"wp","href":"https:\/\/api.w.org\/{rel}","templated":true}]}}