{"id":270,"date":"2015-03-10T03:49:17","date_gmt":"2015-03-10T02:49:17","guid":{"rendered":"https:\/\/petitchamonix.com\/?page_id=270"},"modified":"2024-01-17T15:21:26","modified_gmt":"2024-01-17T20:21:26","slug":"outdoor-skating-rink","status":"publish","type":"page","link":"https:\/\/petitchamonix.com\/en\/services\/outdoor-skating-rink\/","title":{"rendered":"Outdoor skating rink"},"content":{"rendered":"\n<p>The rink is now open! You can see that great investments were made in 2022 to improve the skating and hockey experience in Matap\u00e9dia.<\/p>\n\n\n\n<p>Thank you to the <a href=\"https:\/\/www.facebook.com\/profile.php?id=100064804205710\" target=\"_blank\" rel=\"noopener\" title=\"\">Municipality of Matap\u00e9dia<\/a> and to all the financial partners who made this project possible.<\/p>\n\n\n\n<p>At any time, it is possible to contribute to the maintenance of the ice rink , especially when a little snow falls, shovels and scrapers are at your disposal. The employees of Petit Chamonix are responsible for maintaining the ice rink from Wednesday to Sunday. Please, it is important to respect the schedule set by the resort.<br><br><strong>New for 2024:<\/strong> Skate lessons!! <a href=\"https:\/\/docs.google.com\/forms\/d\/1g46n20C4J6oAQiMRcnC7hAkhqCea48huHxROdA1msLc\/prefill\" target=\"_blank\" rel=\"noopener\" title=\"\">Registration for the courses<\/a> is open from now until January 26th.\u00a0 It is necessary to register at least 24 hours in advance in order to know how many participants we will have at each of our learning sessions. If you have not filled out this registration form, it is still possible to come directly on site.<\/p>\n\n\n\n<p class=\"has-large-font-size\"><strong>\u00a0SKATE SCHEDULE<\/strong><\/p>\n\n\n\n<p class=\"has-medium-font-size\"><strong>Samedi 20 Janvier 2024 &#8211; <\/strong>10h \u00e0 12h : Introduction au patinage et jeux\u00a0<br><strong>Vendredi 2 F\u00e9vrier 2024 &#8211; <\/strong>18h \u00e0 20h : Jeux, techniques et habilet\u00e9s #1<br><strong>Vendredi 9 F\u00e9vrier 2024 &#8211; <\/strong>18h \u00e0 20h :Jeux, techniques et habilet\u00e9s #2<strong><br>Dimanche 18 F\u00e9vrier 2024 &#8211; <\/strong>14h30 \u00e0 16h30 :\u00a0Jeux, techniques et habilet\u00e9s #3<strong><br>Vendredi 23 F\u00e9vrier 2024 &#8211; <\/strong>18h \u00e0 20h :\u00a0Jeux, techniques et habilet\u00e9s #4<br><strong>Dimanche 3 Mars 2024 <\/strong>&#8211; Disco- patin avec la Maison de la Famille Avignon (heure \u00e0 d\u00e9terminer)<br><br>If you have any questions, please do not hesitate to write to <a href=\"http:\/\/info@matap\u00e9dia.ca\" target=\"_blank\" rel=\"noopener\" title=\"\">info@matap\u00e9dia.ca <\/a><\/p>\n\n\n\n<figure class=\"wp-block-image size-full\"><img decoding=\"async\" src=\"https:\/\/petitchamonix.com\/wp-content\/uploads\/2024\/01\/HORAIRE-PATINOIRE_2024-copie.png\" alt=\"\" class=\"wp-image-4618\"\/><\/figure>\n","protected":false},"excerpt":{"rendered":"<p>The rink is now open! You can see that great investments were made in 2022 to improve the skating and [&hellip;]<\/p>\n","protected":false},"author":3,"featured_media":373,"parent":262,"menu_order":23,"comment_status":"open","ping_status":"open","template":"page-templates\/service.php","meta":{"_acf_changed":false,"_themeisle_gutenberg_block_has_review":false,"footnotes":""},"class_list":["post-270","page","type-page","status-publish","has-post-thumbnail","hentry"],"acf":[],"aioseo_notices":[],"_links":{"self":[{"href":"https:\/\/petitchamonix.com\/en\/wp-json\/wp\/v2\/pages\/270","targetHints":{"allow":["GET"]}}],"collection":[{"href":"https:\/\/petitchamonix.com\/en\/wp-json\/wp\/v2\/pages"}],"about":[{"href":"https:\/\/petitchamonix.com\/en\/wp-json\/wp\/v2\/types\/page"}],"author":[{"embeddable":true,"href":"https:\/\/petitchamonix.com\/en\/wp-json\/wp\/v2\/users\/3"}],"replies":[{"embeddable":true,"href":"https:\/\/petitchamonix.com\/en\/wp-json\/wp\/v2\/comments?post=270"}],"version-history":[{"count":2,"href":"https:\/\/petitchamonix.com\/en\/wp-json\/wp\/v2\/pages\/270\/revisions"}],"predecessor-version":[{"id":4622,"href":"https:\/\/petitchamonix.com\/en\/wp-json\/wp\/v2\/pages\/270\/revisions\/4622"}],"up":[{"embeddable":true,"href":"https:\/\/petitchamonix.com\/en\/wp-json\/wp\/v2\/pages\/262"}],"wp:featuredmedia":[{"embeddable":true,"href":"https:\/\/petitchamonix.com\/en\/wp-json\/wp\/v2\/media\/373"}],"wp:attachment":[{"href":"https:\/\/petitchamonix.com\/en\/wp-json\/wp\/v2\/media?parent=270"}],"curies":[{"name":"wp","href":"https:\/\/api.w.org\/{rel}","templated":true}]}}